{"id":371,"date":"2022-10-13T21:51:44","date_gmt":"2022-10-13T21:51:44","guid":{"rendered":"https:\/\/eurek.com.co\/home\/?page_id=371"},"modified":"2022-10-13T21:51:45","modified_gmt":"2022-10-13T21:51:45","slug":"diseno_3d","status":"publish","type":"page","link":"https:\/\/eurek.com.co\/home\/diseno_3d\/","title":{"rendered":"DISE\u00d1O 3D"},"content":{"rendered":"\n[et_pb_section fb_built=\u00bb1&#8243; admin_label=\u00bbHeader\u00bb _builder_version=\u00bb4.16&#8243; global_colors_info=\u00bb{}\u00bb][et_pb_row column_structure=\u00bb1_3,2_3&#8243; _builder_version=\u00bb4.16&#8243; locked=\u00bboff\u00bb global_colors_info=\u00bb{}\u00bb][et_pb_column type=\u00bb1_3&#8243; _builder_version=\u00bb4.16&#8243; global_colors_info=\u00bb{}\u00bb][et_pb_text _builder_version=\u00bb4.18.0&#8243; header_font=\u00bbMontserrat|800||on|||||\u00bb header_text_color=\u00bb#000000&#8243; header_font_size=\u00bb42px\u00bb header_line_height=\u00bb1.2em\u00bb header_font_size_tablet=\u00bb34px\u00bb header_font_size_phone=\u00bb26px\u00bb header_font_size_last_edited=\u00bbon|phone\u00bb global_colors_info=\u00bb{}\u00bb]<h1><span style=\"font-size: xx-large;\">dise\u00f1o 3d &#8211; stands<\/span><\/h1>[\/et_pb_text][et_pb_text _builder_version=\u00bb4.18.0&#8243; text_font=\u00bbMerriweather||||||||\u00bb text_text_color=\u00bb#000000&#8243; text_font_size=\u00bb26px\u00bb text_line_height=\u00bb1.8em\u00bb max_width=\u00bb400px\u00bb module_alignment=\u00bbright\u00bb text_font_size_tablet=\u00bb18px\u00bb text_font_size_phone=\u00bb16px\u00bb text_font_size_last_edited=\u00bbon|phone\u00bb locked=\u00bboff\u00bb global_colors_info=\u00bb{}\u00bb]<p>Dise\u00f1amos en funci\u00f3n a la personalidad de la marca, para despertar emociones y ser recordados por nuestra audiencia.<\/p>[\/et_pb_text][\/et_pb_column][et_pb_column type=\u00bb2_3&#8243; _builder_version=\u00bb4.16&#8243; global_colors_info=\u00bb{}\u00bb][et_pb_image src=\u00bbhttps:\/\/eurek.com.co\/wp-content\/uploads\/2022\/09\/Shell-Care.png\u00bb title_text=\u00bbShell Care\u00bb _builder_version=\u00bb4.18.0&#8243; _module_preset=\u00bbdefault\u00bb hover_enabled=\u00bb0&#8243; global_colors_info=\u00bb{}\u00bb sticky_enabled=\u00bb0&#8243;][\/et_pb_image][\/et_pb_column][\/et_pb_row][\/et_pb_section][et_pb_section fb_built=\u00bb1&#8243; admin_label=\u00bbGallery\u00bb _builder_version=\u00bb4.16&#8243; global_colors_info=\u00bb{}\u00bb][et_pb_row column_structure=\u00bb1_5,3_5,1_5&#8243; use_custom_gutter=\u00bbon\u00bb gutter_width=\u00bb2&#8243; make_equal=\u00bbon\u00bb _builder_version=\u00bb4.16&#8243; _module_preset=\u00bbdefault\u00bb max_width=\u00bbnone\u00bb locked=\u00bboff\u00bb global_colors_info=\u00bb{}\u00bb][et_pb_column type=\u00bb1_5&#8243; _builder_version=\u00bb4.16&#8243; _module_preset=\u00bbdefault\u00bb global_colors_info=\u00bb{}\u00bb][\/et_pb_column][et_pb_column type=\u00bb3_5&#8243; _builder_version=\u00bb4.16&#8243; _module_preset=\u00bbdefault\u00bb global_colors_info=\u00bb{}\u00bb][et_pb_image src=\u00bbhttps:\/\/eurek.com.co\/wp-content\/uploads\/2022\/09\/Stand-Comerciales-scaled.jpg\u00bb title_text=\u00bbStand Comerciales\u00bb show_in_lightbox=\u00bbon\u00bb use_overlay=\u00bbon\u00bb overlay_icon_color=\u00bb#000000&#8243; force_fullwidth=\u00bbon\u00bb _builder_version=\u00bb4.18.0&#8243; hover_enabled=\u00bb0&#8243; locked=\u00bboff\u00bb global_colors_info=\u00bb{}\u00bb sticky_enabled=\u00bb0&#8243;][\/et_pb_image][\/et_pb_column][et_pb_column type=\u00bb1_5&#8243; _builder_version=\u00bb4.16&#8243; _module_preset=\u00bbdefault\u00bb global_colors_info=\u00bb{}\u00bb][et_pb_text _builder_version=\u00bb4.18.0&#8243; text_font=\u00bb||on||||||\u00bb text_text_color=\u00bb#000000&#8243; link_font=\u00bb||||on|||#000000|\u00bb link_text_color=\u00bb#000000&#8243; header_3_font=\u00bb|700|||||||\u00bb header_3_font_size=\u00bb16px\u00bb header_3_line_height=\u00bb1.2em\u00bb header_6_font=\u00bbMontserrat|700||on|||||\u00bb header_6_text_color=\u00bb#fd6927&#8243; header_6_font_size=\u00bb12px\u00bb header_6_letter_spacing=\u00bb2px\u00bb header_6_line_height=\u00bb2em\u00bb positioning=\u00bbabsolute\u00bb position_origin_a=\u00bbbottom_right\u00bb position_origin_a_tablet=\u00bb\u00bb position_origin_a_phone=\u00bb\u00bb position_origin_a_last_edited=\u00bbon|tablet\u00bb position_origin_f_tablet=\u00bb\u00bb position_origin_f_phone=\u00bb\u00bb position_origin_f_last_edited=\u00bbon|tablet\u00bb position_origin_r_tablet=\u00bb\u00bb position_origin_r_phone=\u00bb\u00bb position_origin_r_last_edited=\u00bbon|tablet\u00bb width=\u00bb100%\u00bb hover_enabled=\u00bb0&#8243; header_3_font_size_tablet=\u00bb16px\u00bb header_3_font_size_last_edited=\u00bboff|tablet\u00bb positioning_tablet=\u00bbrelative\u00bb positioning_phone=\u00bb\u00bb positioning_last_edited=\u00bbon|tablet\u00bb locked=\u00bboff\u00bb global_colors_info=\u00bb{}\u00bb sticky_enabled=\u00bb0&#8243;]<h3>STANDS COMERCIALES<\/h3>\n<p>Exhiir el producto y mostrar su ventajas es la escencia de gritar EUREK.<\/p>[\/et_pb_text][\/et_pb_column][\/et_pb_row][et_pb_row column_structure=\u00bb1_3,1_3,1_3&#8243; _builder_version=\u00bb4.18.0&#8243; _module_preset=\u00bbdefault\u00bb global_colors_info=\u00bb{}\u00bb][et_pb_column type=\u00bb1_3&#8243; _builder_version=\u00bb4.18.0&#8243; _module_preset=\u00bbdefault\u00bb global_colors_info=\u00bb{}\u00bb][et_pb_image src=\u00bbhttps:\/\/eurek.com.co\/wp-content\/uploads\/2022\/09\/Carro-Valla-EUREK.png\u00bb title_text=\u00bbCarro Valla EUREK\u00bb _builder_version=\u00bb4.18.0&#8243; _module_preset=\u00bbdefault\u00bb global_colors_info=\u00bb{}\u00bb][\/et_pb_image][\/et_pb_column][et_pb_column type=\u00bb1_3&#8243; _builder_version=\u00bb4.18.0&#8243; _module_preset=\u00bbdefault\u00bb global_colors_info=\u00bb{}\u00bb][et_pb_image src=\u00bbhttps:\/\/eurek.com.co\/wp-content\/uploads\/2022\/09\/Shell-Care.png\u00bb _builder_version=\u00bb4.18.0&#8243; _module_preset=\u00bbdefault\u00bb title_text=\u00bbShell Care\u00bb hover_enabled=\u00bb0&#8243; sticky_enabled=\u00bb0&#8243;][\/et_pb_image][\/et_pb_column][et_pb_column type=\u00bb1_3&#8243; _builder_version=\u00bb4.18.0&#8243; _module_preset=\u00bbdefault\u00bb global_colors_info=\u00bb{}\u00bb][et_pb_image src=\u00bbhttps:\/\/eurek.com.co\/wp-content\/uploads\/2022\/09\/Parque_Pespectiva.png\u00bb _builder_version=\u00bb4.18.0&#8243; _module_preset=\u00bbdefault\u00bb title_text=\u00bbParque_Pespectiva\u00bb hover_enabled=\u00bb0&#8243; sticky_enabled=\u00bb0&#8243;][\/et_pb_image][\/et_pb_column][\/et_pb_row][et_pb_row column_structure=\u00bb1_3,1_3,1_3&#8243; _builder_version=\u00bb4.18.0&#8243; _module_preset=\u00bbdefault\u00bb global_colors_info=\u00bb{}\u00bb][et_pb_column type=\u00bb1_3&#8243; _builder_version=\u00bb4.18.0&#8243; _module_preset=\u00bbdefault\u00bb global_colors_info=\u00bb{}\u00bb][et_pb_image src=\u00bbhttps:\/\/eurek.com.co\/wp-content\/uploads\/2022\/09\/Mueble-Makro-03.png\u00bb title_text=\u00bbMueble Makro 03&#8243; _builder_version=\u00bb4.18.0&#8243; _module_preset=\u00bbdefault\u00bb global_colors_info=\u00bb{}\u00bb alt=\u00bbDise\u00f1o 3D\u00bb][\/et_pb_image][\/et_pb_column][et_pb_column type=\u00bb1_3&#8243; _builder_version=\u00bb4.18.0&#8243; _module_preset=\u00bbdefault\u00bb global_colors_info=\u00bb{}\u00bb][et_pb_image src=\u00bbhttps:\/\/eurek.com.co\/wp-content\/uploads\/2022\/09\/Idea-BlackWidow.png\u00bb _builder_version=\u00bb4.18.0&#8243; _module_preset=\u00bbdefault\u00bb title_text=\u00bbIdea BlackWidow\u00bb hover_enabled=\u00bb0&#8243; sticky_enabled=\u00bb0&#8243;][\/et_pb_image][\/et_pb_column][et_pb_column type=\u00bb1_3&#8243; _builder_version=\u00bb4.18.0&#8243; _module_preset=\u00bbdefault\u00bb global_colors_info=\u00bb{}\u00bb][et_pb_image src=\u00bbhttps:\/\/eurek.com.co\/wp-content\/uploads\/2022\/09\/Garra-Humana.jpg\u00bb _builder_version=\u00bb4.18.0&#8243; _module_preset=\u00bbdefault\u00bb title_text=\u00bbGarra Humana\u00bb hover_enabled=\u00bb0&#8243; sticky_enabled=\u00bb0&#8243;][\/et_pb_image][\/et_pb_column][\/et_pb_row][\/et_pb_section][et_pb_section fb_built=\u00bb1&#8243; theme_builder_area=\u00bbpost_content\u00bb specialty=\u00bbon\u00bb _builder_version=\u00bb4.18.0&#8243; _module_preset=\u00bbdefault\u00bb hover_enabled=\u00bb0&#8243; sticky_enabled=\u00bb0&#8243;][et_pb_column type=\u00bb1_2&#8243; theme_builder_area=\u00bbpost_content\u00bb][et_pb_gallery _builder_version=\u00bb4.18.0&#8243; _module_preset=\u00bbdefault\u00bb theme_builder_area=\u00bbpost_content\u00bb gallery_ids=\u00bb394,393,392,391&#8243; hover_enabled=\u00bb0&#8243; sticky_enabled=\u00bb0&#8243; fullwidth=\u00bbon\u00bb][\/et_pb_gallery][\/et_pb_column][et_pb_column type=\u00bb1_2&#8243; specialty_columns=\u00bb2&#8243; theme_builder_area=\u00bbpost_content\u00bb][et_pb_row_inner _builder_version=\u00bb4.18.0&#8243; _module_preset=\u00bbdefault\u00bb column_structure=\u00bb1_2,1_2&#8243; theme_builder_area=\u00bbpost_content\u00bb hover_enabled=\u00bb0&#8243; sticky_enabled=\u00bb0&#8243;][et_pb_column_inner saved_specialty_column_type=\u00bb1_2&#8243; _builder_version=\u00bb4.18.0&#8243; _module_preset=\u00bbdefault\u00bb type=\u00bb1_2&#8243; theme_builder_area=\u00bbpost_content\u00bb][et_pb_image src=\u00bbhttps:\/\/eurek.com.co\/wp-content\/uploads\/2022\/09\/Carro-Valla-Canon.png\u00bb _builder_version=\u00bb4.18.0&#8243; _module_preset=\u00bbdefault\u00bb theme_builder_area=\u00bbpost_content\u00bb alt=\u00bbCarro Valla Dise\u00f1o 3D\u00bb title_text=\u00bbCarro Valla Canon\u00bb hover_enabled=\u00bb0&#8243; sticky_enabled=\u00bb0&#8243; animation_style=\u00bbfold\u00bb][\/et_pb_image][\/et_pb_column_inner][et_pb_column_inner saved_specialty_column_type=\u00bb1_2&#8243; _builder_version=\u00bb4.18.0&#8243; _module_preset=\u00bbdefault\u00bb type=\u00bb1_2&#8243; theme_builder_area=\u00bbpost_content\u00bb][et_pb_image src=\u00bbhttps:\/\/eurek.com.co\/wp-content\/uploads\/2022\/09\/Canon-Stand-Comercial.jpg\u00bb _builder_version=\u00bb4.18.0&#8243; _module_preset=\u00bbdefault\u00bb theme_builder_area=\u00bbpost_content\u00bb alt=\u00bbCentro de Experiencia Dise\u00f1o 3D\u00bb title_text=\u00bbCanon Stand Comercial\u00bb animation_style=\u00bbfold\u00bb hover_enabled=\u00bb0&#8243; sticky_enabled=\u00bb0&#8243;][\/et_pb_image][\/et_pb_column_inner][\/et_pb_row_inner][et_pb_row_inner _builder_version=\u00bb4.18.0&#8243; _module_preset=\u00bbdefault\u00bb column_structure=\u00bb1_2,1_2&#8243; theme_builder_area=\u00bbpost_content\u00bb hover_enabled=\u00bb0&#8243; sticky_enabled=\u00bb0&#8243;][et_pb_column_inner saved_specialty_column_type=\u00bb1_2&#8243; _builder_version=\u00bb4.18.0&#8243; _module_preset=\u00bbdefault\u00bb type=\u00bb1_2&#8243; theme_builder_area=\u00bbpost_content\u00bb][et_pb_image src=\u00bbhttps:\/\/eurek.com.co\/wp-content\/uploads\/2022\/09\/Kores-Stand-Comercial.png\u00bb _builder_version=\u00bb4.18.0&#8243; _module_preset=\u00bbdefault\u00bb theme_builder_area=\u00bbpost_content\u00bb alt=\u00bbMueble Kores Dise\u00f1o 3D\u00bb title_text=\u00bbKores Stand Comercial\u00bb hover_enabled=\u00bb0&#8243; sticky_enabled=\u00bb0&#8243; animation_style=\u00bbfold\u00bb][\/et_pb_image][\/et_pb_column_inner][et_pb_column_inner saved_specialty_column_type=\u00bb1_2&#8243; _builder_version=\u00bb4.18.0&#8243; _module_preset=\u00bbdefault\u00bb type=\u00bb1_2&#8243; theme_builder_area=\u00bbpost_content\u00bb][et_pb_image src=\u00bbhttps:\/\/eurek.com.co\/wp-content\/uploads\/2022\/09\/Bayer-Bomba-Corazon-Juego.png\u00bb _builder_version=\u00bb4.18.0&#8243; _module_preset=\u00bbdefault\u00bb theme_builder_area=\u00bbpost_content\u00bb alt=\u00bbJuego Bayer Dise\u00f1o 3D\u00bb title_text=\u00bbBayer Bomba Coraz\u00f3n Juego\u00bb animation_style=\u00bbfold\u00bb hover_enabled=\u00bb0&#8243; sticky_enabled=\u00bb0&#8243;][\/et_pb_image][\/et_pb_column_inner][\/et_pb_row_inner][\/et_pb_column][\/et_pb_section][et_pb_section fb_built=\u00bb1&#8243; admin_label=\u00bbFooter\u00bb _builder_version=\u00bb4.16&#8243; overflow-x=\u00bbhidden\u00bb overflow-y=\u00bbhidden\u00bb saved_tabs=\u00bball\u00bb locked=\u00bboff\u00bb global_colors_info=\u00bb{}\u00bb][et_pb_row column_structure=\u00bb1_3,1_3,1_3&#8243; use_custom_gutter=\u00bbon\u00bb gutter_width=\u00bb2&#8243; _builder_version=\u00bb4.16&#8243; global_colors_info=\u00bb{}\u00bb][et_pb_column type=\u00bb1_3&#8243; _builder_version=\u00bb4.16&#8243; global_colors_info=\u00bb{}\u00bb][et_pb_text _builder_version=\u00bb4.16&#8243; text_font=\u00bbMerriweather||||||||\u00bb text_text_color=\u00bb#000000&#8243; text_font_size=\u00bb26px\u00bb text_line_height=\u00bb2em\u00bb link_text_color=\u00bb#000000&#8243; header_6_font=\u00bbMontserrat|700||on|||||\u00bb header_6_text_color=\u00bb#fd6927&#8243; header_6_font_size=\u00bb12px\u00bb header_6_letter_spacing=\u00bb2px\u00bb header_6_line_height=\u00bb1.2em\u00bb text_orientation=\u00bbcenter\u00bb text_font_size_tablet=\u00bb18px\u00bb text_font_size_phone=\u00bb16px\u00bb text_font_size_last_edited=\u00bbon|desktop\u00bb locked=\u00bboff\u00bb global_colors_info=\u00bb{}\u00bb]<h6>Email<\/h6>\n<p><a href=\"#\">info@eurek.com.co<\/a><\/p>[\/et_pb_text][\/et_pb_column][et_pb_column type=\u00bb1_3&#8243; _builder_version=\u00bb4.16&#8243; global_colors_info=\u00bb{}\u00bb][et_pb_text _builder_version=\u00bb4.16&#8243; text_font=\u00bbMerriweather||||||||\u00bb text_text_color=\u00bb#000000&#8243; text_font_size=\u00bb26px\u00bb text_line_height=\u00bb2em\u00bb header_6_font=\u00bbMontserrat|700||on|||||\u00bb header_6_text_color=\u00bb#fd6927&#8243; header_6_font_size=\u00bb12px\u00bb header_6_letter_spacing=\u00bb2px\u00bb header_6_line_height=\u00bb1.2em\u00bb text_orientation=\u00bbcenter\u00bb text_font_size_tablet=\u00bb18px\u00bb text_font_size_phone=\u00bb16px\u00bb text_font_size_last_edited=\u00bbon|desktop\u00bb locked=\u00bboff\u00bb global_colors_info=\u00bb{}\u00bb]<h6>DIRECCI\u00d3N EJECUTIVA<\/h6>\n<p><span style=\"font-size: medium;\">laura.gonzalez@eurek.com.co<\/span><\/p>[\/et_pb_text][\/et_pb_column][et_pb_column type=\u00bb1_3&#8243; _builder_version=\u00bb4.16&#8243; global_colors_info=\u00bb{}\u00bb][et_pb_text _builder_version=\u00bb4.16&#8243; text_font=\u00bbMerriweather||||||||\u00bb text_text_color=\u00bb#000000&#8243; text_font_size=\u00bb26px\u00bb text_line_height=\u00bb2em\u00bb link_text_color=\u00bb#000000&#8243; header_6_font=\u00bbMontserrat|700||on|||||\u00bb header_6_text_color=\u00bb#fd6927&#8243; header_6_font_size=\u00bb12px\u00bb header_6_letter_spacing=\u00bb2px\u00bb header_6_line_height=\u00bb1.2em\u00bb text_orientation=\u00bbcenter\u00bb text_font_size_tablet=\u00bb18px\u00bb text_font_size_phone=\u00bb16px\u00bb text_font_size_last_edited=\u00bbon|desktop\u00bb locked=\u00bboff\u00bb global_colors_info=\u00bb{}\u00bb]<h6>Ejecutiva de cuenta<\/h6>\n<p><span style=\"font-size: medium;\">cindy.triana@eurek.com.co<\/span><\/p>[\/et_pb_text][et_pb_image src=\u00bbhttps:\/\/eurek.com.co\/wp-content\/uploads\/2021\/12\/slides-credenciales-11.png\u00bb title_text=\u00bbslides credenciales-11&#8243; _builder_version=\u00bb4.18.0&#8243; positioning=\u00bbabsolute\u00bb position_origin_a=\u00bbtop_right\u00bb vertical_offset=\u00bb-100%\u00bb horizontal_offset=\u00bb-50%\u00bb vertical_offset_tablet=\u00bb40%\u00bb vertical_offset_phone=\u00bb\u00bb vertical_offset_last_edited=\u00bbon|tablet\u00bb horizontal_offset_tablet=\u00bb0%\u00bb horizontal_offset_phone=\u00bb\u00bb horizontal_offset_last_edited=\u00bbon|tablet\u00bb width=\u00bb100%\u00bb max_width=\u00bb100px\u00bb max_width_tablet=\u00bb90px\u00bb max_width_phone=\u00bb60px\u00bb max_width_last_edited=\u00bbon|phone\u00bb locked=\u00bboff\u00bb global_colors_info=\u00bb{}\u00bb][\/et_pb_image][\/et_pb_column][\/et_pb_row][\/et_pb_section]\n","protected":false},"excerpt":{"rendered":"<p>dise\u00f1o 3d &#8211; standsDise\u00f1amos en funci\u00f3n a la personalidad de la marca, para despertar emociones y ser recordados por nuestra audiencia.STANDS COMERCIALES Exhiir el producto y mostrar su ventajas es la escencia de gritar EUREK.Email info@eurek.com.coDIRECCI\u00d3N EJECUTIVA laura.gonzalez@eurek.com.coEjecutiva de cuenta cindy.triana@eurek.com.co<\/p>\n","protected":false},"author":1,"featured_media":374,"parent":0,"menu_order":0,"comment_status":"closed","ping_status":"closed","template":"","meta":{"_et_pb_use_builder":"on","_et_pb_old_content":"","_et_gb_content_width":"","_joinchat":[],"footnotes":""},"class_list":["post-371","page","type-page","status-publish","has-post-thumbnail","hentry"],"yoast_head":"<!-- This site is optimized with the Yoast SEO plugin v24.3 - https:\/\/yoast.com\/wordpress\/plugins\/seo\/ -->\n<title>DISE\u00d1O 3D - EureK<\/title>\n<meta name=\"description\" content=\"Despertar emociones a trav\u00e9s de los sentidos, Hacer posible lo que creamos, Dise\u00f1o 3D en funci\u00f3n de la personalidad de la marca.\" \/>\n<meta name=\"robots\" content=\"index, follow, max-snippet:-1, max-image-preview:large, max-video-preview:-1\" \/>\n<link rel=\"canonical\" href=\"https:\/\/eurek.com.co\/home\/diseno_3d\/\" \/>\n<meta property=\"og:locale\" content=\"es_ES\" \/>\n<meta property=\"og:type\" content=\"article\" \/>\n<meta property=\"og:title\" content=\"DISE\u00d1O 3D - EureK\" \/>\n<meta property=\"og:description\" content=\"Despertar emociones a trav\u00e9s de los sentidos, Hacer posible lo que creamos, Dise\u00f1o 3D en funci\u00f3n de la personalidad de la marca.\" \/>\n<meta property=\"og:url\" content=\"https:\/\/eurek.com.co\/home\/diseno_3d\/\" \/>\n<meta property=\"og:site_name\" content=\"EureK\" \/>\n<meta property=\"article:modified_time\" content=\"2022-10-13T21:51:45+00:00\" \/>\n<meta property=\"og:image\" content=\"https:\/\/eurek.com.co\/wp-content\/uploads\/2022\/09\/Mueble-Makro-03.png\" \/>\n\t<meta property=\"og:image:width\" content=\"960\" \/>\n\t<meta property=\"og:image:height\" content=\"719\" \/>\n\t<meta property=\"og:image:type\" content=\"image\/png\" \/>\n<meta name=\"twitter:card\" content=\"summary_large_image\" \/>\n<meta name=\"twitter:label1\" content=\"Tiempo de lectura\" \/>\n\t<meta name=\"twitter:data1\" content=\"3 minutos\" \/>\n<script type=\"application\/ld+json\" class=\"yoast-schema-graph\">{\"@context\":\"https:\/\/schema.org\",\"@graph\":[{\"@type\":\"WebPage\",\"@id\":\"https:\/\/eurek.com.co\/home\/diseno_3d\/\",\"url\":\"https:\/\/eurek.com.co\/home\/diseno_3d\/\",\"name\":\"DISE\u00d1O 3D - EureK\",\"isPartOf\":{\"@id\":\"https:\/\/eurek.com.co\/home\/#website\"},\"primaryImageOfPage\":{\"@id\":\"https:\/\/eurek.com.co\/home\/diseno_3d\/#primaryimage\"},\"image\":{\"@id\":\"https:\/\/eurek.com.co\/home\/diseno_3d\/#primaryimage\"},\"thumbnailUrl\":\"https:\/\/eurek.com.co\/wp-content\/uploads\/2022\/09\/Mueble-Makro-03.png\",\"datePublished\":\"2022-10-13T21:51:44+00:00\",\"dateModified\":\"2022-10-13T21:51:45+00:00\",\"description\":\"Despertar emociones a trav\u00e9s de los sentidos, Hacer posible lo que creamos, Dise\u00f1o 3D en funci\u00f3n de la personalidad de la marca.\",\"breadcrumb\":{\"@id\":\"https:\/\/eurek.com.co\/home\/diseno_3d\/#breadcrumb\"},\"inLanguage\":\"es\",\"potentialAction\":[{\"@type\":\"ReadAction\",\"target\":[\"https:\/\/eurek.com.co\/home\/diseno_3d\/\"]}]},{\"@type\":\"ImageObject\",\"inLanguage\":\"es\",\"@id\":\"https:\/\/eurek.com.co\/home\/diseno_3d\/#primaryimage\",\"url\":\"https:\/\/eurek.com.co\/wp-content\/uploads\/2022\/09\/Mueble-Makro-03.png\",\"contentUrl\":\"https:\/\/eurek.com.co\/wp-content\/uploads\/2022\/09\/Mueble-Makro-03.png\",\"width\":960,\"height\":719,\"caption\":\"Dise\u00f1o 3D\"},{\"@type\":\"BreadcrumbList\",\"@id\":\"https:\/\/eurek.com.co\/home\/diseno_3d\/#breadcrumb\",\"itemListElement\":[{\"@type\":\"ListItem\",\"position\":1,\"name\":\"Portada\",\"item\":\"https:\/\/eurek.com.co\/home\/\"},{\"@type\":\"ListItem\",\"position\":2,\"name\":\"DISE\u00d1O 3D\"}]},{\"@type\":\"WebSite\",\"@id\":\"https:\/\/eurek.com.co\/home\/#website\",\"url\":\"https:\/\/eurek.com.co\/home\/\",\"name\":\"EureK\",\"description\":\"Marketing irracional, agencia BTL, creativa. publicidad\",\"potentialAction\":[{\"@type\":\"SearchAction\",\"target\":{\"@type\":\"EntryPoint\",\"urlTemplate\":\"https:\/\/eurek.com.co\/home\/?s={search_term_string}\"},\"query-input\":{\"@type\":\"PropertyValueSpecification\",\"valueRequired\":true,\"valueName\":\"search_term_string\"}}],\"inLanguage\":\"es\"}]}<\/script>\n<!-- \/ Yoast SEO plugin. -->","yoast_head_json":{"title":"DISE\u00d1O 3D - EureK","description":"Despertar emociones a trav\u00e9s de los sentidos, Hacer posible lo que creamos, Dise\u00f1o 3D en funci\u00f3n de la personalidad de la marca.","robots":{"index":"index","follow":"follow","max-snippet":"max-snippet:-1","max-image-preview":"max-image-preview:large","max-video-preview":"max-video-preview:-1"},"canonical":"https:\/\/eurek.com.co\/home\/diseno_3d\/","og_locale":"es_ES","og_type":"article","og_title":"DISE\u00d1O 3D - EureK","og_description":"Despertar emociones a trav\u00e9s de los sentidos, Hacer posible lo que creamos, Dise\u00f1o 3D en funci\u00f3n de la personalidad de la marca.","og_url":"https:\/\/eurek.com.co\/home\/diseno_3d\/","og_site_name":"EureK","article_modified_time":"2022-10-13T21:51:45+00:00","og_image":[{"width":960,"height":719,"url":"https:\/\/eurek.com.co\/wp-content\/uploads\/2022\/09\/Mueble-Makro-03.png","type":"image\/png"}],"twitter_card":"summary_large_image","twitter_misc":{"Tiempo de lectura":"3 minutos"},"schema":{"@context":"https:\/\/schema.org","@graph":[{"@type":"WebPage","@id":"https:\/\/eurek.com.co\/home\/diseno_3d\/","url":"https:\/\/eurek.com.co\/home\/diseno_3d\/","name":"DISE\u00d1O 3D - EureK","isPartOf":{"@id":"https:\/\/eurek.com.co\/home\/#website"},"primaryImageOfPage":{"@id":"https:\/\/eurek.com.co\/home\/diseno_3d\/#primaryimage"},"image":{"@id":"https:\/\/eurek.com.co\/home\/diseno_3d\/#primaryimage"},"thumbnailUrl":"https:\/\/eurek.com.co\/wp-content\/uploads\/2022\/09\/Mueble-Makro-03.png","datePublished":"2022-10-13T21:51:44+00:00","dateModified":"2022-10-13T21:51:45+00:00","description":"Despertar emociones a trav\u00e9s de los sentidos, Hacer posible lo que creamos, Dise\u00f1o 3D en funci\u00f3n de la personalidad de la marca.","breadcrumb":{"@id":"https:\/\/eurek.com.co\/home\/diseno_3d\/#breadcrumb"},"inLanguage":"es","potentialAction":[{"@type":"ReadAction","target":["https:\/\/eurek.com.co\/home\/diseno_3d\/"]}]},{"@type":"ImageObject","inLanguage":"es","@id":"https:\/\/eurek.com.co\/home\/diseno_3d\/#primaryimage","url":"https:\/\/eurek.com.co\/wp-content\/uploads\/2022\/09\/Mueble-Makro-03.png","contentUrl":"https:\/\/eurek.com.co\/wp-content\/uploads\/2022\/09\/Mueble-Makro-03.png","width":960,"height":719,"caption":"Dise\u00f1o 3D"},{"@type":"BreadcrumbList","@id":"https:\/\/eurek.com.co\/home\/diseno_3d\/#breadcrumb","itemListElement":[{"@type":"ListItem","position":1,"name":"Portada","item":"https:\/\/eurek.com.co\/home\/"},{"@type":"ListItem","position":2,"name":"DISE\u00d1O 3D"}]},{"@type":"WebSite","@id":"https:\/\/eurek.com.co\/home\/#website","url":"https:\/\/eurek.com.co\/home\/","name":"EureK","description":"Marketing irracional, agencia BTL, creativa. publicidad","potentialAction":[{"@type":"SearchAction","target":{"@type":"EntryPoint","urlTemplate":"https:\/\/eurek.com.co\/home\/?s={search_term_string}"},"query-input":{"@type":"PropertyValueSpecification","valueRequired":true,"valueName":"search_term_string"}}],"inLanguage":"es"}]}},"_links":{"self":[{"href":"https:\/\/eurek.com.co\/home\/wp-json\/wp\/v2\/pages\/371","targetHints":{"allow":["GET"]}}],"collection":[{"href":"https:\/\/eurek.com.co\/home\/wp-json\/wp\/v2\/pages"}],"about":[{"href":"https:\/\/eurek.com.co\/home\/wp-json\/wp\/v2\/types\/page"}],"author":[{"embeddable":true,"href":"https:\/\/eurek.com.co\/home\/wp-json\/wp\/v2\/users\/1"}],"replies":[{"embeddable":true,"href":"https:\/\/eurek.com.co\/home\/wp-json\/wp\/v2\/comments?post=371"}],"version-history":[{"count":6,"href":"https:\/\/eurek.com.co\/home\/wp-json\/wp\/v2\/pages\/371\/revisions"}],"predecessor-version":[{"id":443,"href":"https:\/\/eurek.com.co\/home\/wp-json\/wp\/v2\/pages\/371\/revisions\/443"}],"wp:featuredmedia":[{"embeddable":true,"href":"https:\/\/eurek.com.co\/home\/wp-json\/wp\/v2\/media\/374"}],"wp:attachment":[{"href":"https:\/\/eurek.com.co\/home\/wp-json\/wp\/v2\/media?parent=371"}],"curies":[{"name":"wp","href":"https:\/\/api.w.org\/{rel}","templated":true}]}}